{"id":5042,"date":"2019-03-19T20:45:55","date_gmt":"2019-03-19T20:45:55","guid":{"rendered":"https:\/\/hirehand.eu\/teenused\/"},"modified":"2019-11-11T08:48:38","modified_gmt":"2019-11-11T08:48:38","slug":"tjenester","status":"publish","type":"page","link":"https:\/\/hirehand.eu\/no\/tjenester\/","title":{"rendered":"TJENESTER"},"content":{"rendered":"<p><section class=\"fw-main-row  ls section_padding_top_50 section_padding_bottom_50 columns_padding_15 justifysection\" >\r\n\t<h3 class=\"hidden\">69f5bffcc9231<\/h3>\r\n\t\t\t<div class=\"container\">\r\n\t\t<div class=\"row\">\r\n\t\t\t<div class=\"text-block\">\r\n\t<h4 style=\"text-align: left;\">VI TILBYR B\u00c5DE UTLEIE, FORMIDLING OG REKRUTTERING AV ARBEIDSKRAFT.<\/h4><h5 style=\"text-align: left;\">HVA ER FORSKJELLENE MELLOM DISSE?<\/h5><\/div>\r\n\r\n\t<div class=\"fw-divider-space \" style=\"margin-top: 50px;\"><\/div>\r\n<div class=\"col-xs-12 col-md-4 to_animate justcontent\"  data-animation=\"pullUp\">\r\n\t<div class=\"special-heading text-left\">\r\n\t<h5 class=\"section_header margin_0  \">\r\n\t<span class=\" medium text-uppercase\">\r\n\t\tUTLEIE AV ARBEIDSKRAFT\t<\/span>\r\n\t<\/h5>\r\n<\/div>\r\n\r\n\t<div class=\"fw-divider-space \" style=\"margin-top: 20px;\"><\/div>\r\n<div class=\"special-heading text-left\">\r\n\t<p class=\" paragraph\">\r\n\t<span class=\" medium text-transform-none\">\r\n\t\tUtleie av arbeidskraft betyr at medarbeideren, som jobber hos arbeidsgiveren er ansatt hos Hirehand, dvs. vi leier ut arbeidskraft til arbeidsgiveren.\t<\/span>\r\n\t<\/p>\r\n<\/div>\r\n\t<div class=\"teaser icon_top   \">\r\n\t\t\t\t\t\t\t\t<p>\r\n\t\t\tSesongrelatert \u00f8kning av arbeidsomfang, syklisk produksjon og generell \u00f8konomisk situasjon kan f\u00f8re til midlertidig \u00f8kning av behov for arbeidskraft. I slike tilfeller er utleie av arbeidskraft det beste valget. Utleie av arbeidskraft gj\u00f8r planleggingen mer fleksibel, sparer tid og penger. I tilfelle leieavtale er lengden p\u00e5 arbeidsperiode 12 m\u00e5neder (feriepenger betales ikke).\t\t<\/p>\r\n\t\t\t\t\t<\/div>\r\n\t<\/div>\r\n<div class=\"col-xs-12 col-md-4 to_animate justcontent\"  data-animation=\"pullUp\">\r\n\t<div class=\"special-heading text-left\">\r\n\t<h5 class=\"section_header margin_0  \">\r\n\t<span class=\" medium text-uppercase\">\r\n\t\tREKRUTTERING AV ARBEIDSKRAFT\t<\/span>\r\n\t<\/h5>\r\n<\/div>\r\n\r\n\t<div class=\"fw-divider-space \" style=\"margin-top: 20px;\"><\/div>\r\n<div class=\"special-heading text-left\">\r\n\t<p class=\" paragraph\">\r\n\t<span class=\" medium text-transform-none\">\r\n\t\tRekruttering av arbeidskraft omfatter forvaltning av hele prosessen knyttet til anskaffelse av arbeidskraft.\t<\/span>\r\n\t<\/p>\r\n<\/div>\r\n\t<div class=\"teaser icon_top   \">\r\n\t\t\t\t\t\t\t\t<p>\r\n\t\t\tVi vet hvor tid- og energikrevende er den kontinuerlige prosessen bak anskaffelse av arbeidskraft. Ofte m\u00e5 man ogs\u00e5 legge til faste kostnader p\u00e5 grunn av stillingsannonser i jobbportaler. Hvis du gir anskaffelsen av arbeidskraft fullstendig i v\u00e5re hender, sparer du b\u00e5de tid og penger. Vi er ansvarlige for hele rekrutteringsprosessen b\u00e5de i s\u00f8ke- og testfasen. Det \u00e5 bruke rekrutteringstjenester er en rask og praktisk m\u00e5te \u00e5 finne ansatte med h\u00f8y kvalitet.\t\t<\/p>\r\n\t\t\t\t\t<\/div>\r\n\t<\/div>\r\n<div class=\"col-xs-12 col-md-4 to_animate justcontent\"  data-animation=\"pullUp\">\r\n\t<div class=\"special-heading text-left\">\r\n\t<h5 class=\"section_header margin_0  \">\r\n\t<span class=\" medium text-uppercase\">\r\n\t\tFORMIDLING AV ARBEIDSKRAFT\t<\/span>\r\n\t<\/h5>\r\n<\/div>\r\n\r\n\t<div class=\"fw-divider-space \" style=\"margin-top: 20px;\"><\/div>\r\n<div class=\"special-heading text-left\">\r\n\t<p class=\" paragraph\">\r\n\t<span class=\" medium text-transform-none\">\r\n\t\tI tilfelle av formidling av arbeidskraft formidler vi medarbeidere fra et annet utleieselskap, dvs. den ansatte er ansatt hos et annet arbeidsformidlingsbyr\u00e5.\t<\/span>\r\n\t<\/p>\r\n<\/div>\r\n\t<div class=\"teaser icon_top   \">\r\n\t\t\t\t\t\t\t\t<p>\r\n\t\t\tVi har p\u00e5litelige partnere i Estland og andre steder, som gj\u00f8r det mulig for oss \u00e5 kunne formidle arbeidskraft for mange forskjellige bransjer. I likhet med utleie av arbeidskraft er ogs\u00e5 formidling av arbeidskraft et godt alternativ i situasjoner hvor bedriften trenger ekstra arbeidskraft. Formidlingen av arbeidskraft p\u00e5 internasjonalt niv\u00e5 lar oss tilby h\u00f8yt kvalifiserte ansatte for selskapet ditt med lavere l\u00f8nnskostnader.\t\t<\/p>\r\n\t\t\t\t\t<\/div>\r\n\t<\/div>\r\n\t\t<\/div>\r\n\t<\/div>\r\n<\/section>\r\n<section class=\"fw-main-row  ls section_padding_top_50 section_padding_bottom_50 columns_padding_15\" >\r\n\t<h3 class=\"hidden\">69f5bffcc9975<\/h3>\r\n\t\t\t<div class=\"container\">\r\n\t\t<div class=\"row\">\r\n\t\t\t<div class=\"text-block\">\r\n\t<h4>VI TILBYR ARBEIDSKRAFT FOR SV\u00c6RT MANGE FORSKJELLIGE BRANSJER.<\/h4><h5>VI HAR VELLYKKET PARTNERSKAP INNENFOR<\/h5><\/div>\r\n<div class=\"col-xs-12 col-md-6 to_animate\"  data-animation=\"pullUp\">\r\n\t<div class=\"text-block\">\r\n\t<ul><li>produksjonssektor<\/li><li>transport og logistikk<\/li><li>bygg og metallbearbeiding<\/li><li>lager-, emballerings- og transport\u00f8rarbeid<\/li><li>maler-, snekker- og elarbeid<\/li><li>rengj\u00f8ring og rydding<\/li><\/ul><\/div>\r\n<\/div>\r\n<div class=\"col-xs-12 col-md-6 to_animate\"  data-animation=\"pullUp\">\r\n\t<div class=\"text-block\">\r\n\t<ul><li>veibygging<\/li><li>ledelse og kontor<\/li><li>hotellindustri<\/li><li>land- og skogbruk<\/li><li>catering<\/li><li>medisin<\/li><\/ul><\/div>\r\n<\/div>\r\n\t\t<\/div>\r\n\t<\/div>\r\n<\/section>\r\n<section class=\"fw-main-row  ls section_padding_top_0 section_padding_bottom_0 columns_padding_15\"  id=\"protsess\">\r\n\t<h3 class=\"hidden\"> sissejuhatus<\/h3>\r\n\t\t\t<div class=\"container\">\r\n\t\t<div class=\"row\">\r\n\t\t\t<div class=\"text-block\">\r\n\t<h4>MER DETALJERT BESKRIVELSE AV V\u00c5RE PROSESSER<\/h4><p><div class=\"frst-container\" data-animation-name=\"fadeIn\"><div id=\"sortable\"  class=\"frst-timeline frst-timeline-style-2 frst-alternate frst-date-opposite frst-icon\"><div data-id=\"5112\" data-key=\"1\" data-textcolor=\"\" data-bgcolor=\"\" data-design=\"2\" id=\"item-5112\" class=\"frst-timeline-block frst-odd-item prevItem frst-small-img\" data-animation=\"fadeIn\"><div class=\"frst-timeline-img\"><span  ><i  class=\"fa fa-street-view\" aria-hidden=\"true\"><\/i><\/span>\r\n            <\/div><div class=\"frst-timeline-content\"  ><div class=\"frst-timeline-content-inner\" ><h2 >KARTLEGGING AV KUNDENS BEHOV<\/h2><span class=\"frst-date\"><\/span><p >Vi spesifiserer med kunden detaljer om stillingen, bl. a. krav til s\u00f8kerens utdanning, arbeidserfaring, spr\u00e5kkunnskaper og personlige egenskaper.<\/p><div class=\"fb-icons\"><div class=\"icons-section like-section\"><i class=\"fa fa-thumbs-o-up\" aria-hidden=\"true\"><\/i><span><\/span><\/div><div class=\"icons-section comment-section\"><i class=\"fa fa-comment-o\" aria-hidden=\"true\"><\/i><span><\/span><\/div><div class=\"icons-section share-section\"><i class=\"fa fa-share\" aria-hidden=\"true\"><\/i><span><\/span><\/div><\/div><\/div><\/div><\/div><div data-id=\"5111\" data-key=\"2\" data-textcolor=\"\" data-bgcolor=\"\" data-design=\"2\" id=\"item-5111\" class=\"frst-timeline-block frst-even-item prevItem frst-small-img\" data-animation=\"fadeIn\"><div class=\"frst-timeline-img\"><span  ><i  class=\"fa fa-eye\" aria-hidden=\"true\"><\/i><\/span>\r\n            <\/div><div class=\"frst-timeline-content\"  ><div class=\"frst-timeline-content-inner\" ><h2 >S\u00d8K AV MEDARBEIDERE<\/h2><span class=\"frst-date\"><\/span><p >Vi forbereder og publiserer stillingsannonsen til v\u00e5re rekrutterere i henhold til kriterier som kreves av kunden. Ved behov s\u00f8ker vi egnede s\u00f8kere i databasen, videresender stillingsannonsen og forklarer deres interesser i \u00e5 s\u00f8ke p\u00e5 stillingen.<\/p><div class=\"fb-icons\"><div class=\"icons-section like-section\"><i class=\"fa fa-thumbs-o-up\" aria-hidden=\"true\"><\/i><span><\/span><\/div><div class=\"icons-section comment-section\"><i class=\"fa fa-comment-o\" aria-hidden=\"true\"><\/i><span><\/span><\/div><div class=\"icons-section share-section\"><i class=\"fa fa-share\" aria-hidden=\"true\"><\/i><span><\/span><\/div><\/div><\/div><\/div><\/div><div data-id=\"5110\" data-key=\"3\" data-textcolor=\"\" data-bgcolor=\"\" data-design=\"2\" id=\"item-5110\" class=\"frst-timeline-block frst-odd-item prevItem frst-small-img\" data-animation=\"fadeIn\"><div class=\"frst-timeline-img\"><span  ><i  class=\"fa fa-users\" aria-hidden=\"true\"><\/i><\/span>\r\n            <\/div><div class=\"frst-timeline-content\"  ><div class=\"frst-timeline-content-inner\" ><h2 >PRESENTASJON AV DEN ANSATTE TIL KUNDEN<\/h2><span class=\"frst-date\"><\/span><p >Vi tar imot CV-er og s\u00f8knader og videresender til kunden. Vi presenterer de beste s\u00f8kere vi har funnet i sammenheng med s\u00f8k av ansatte.<\/p><div class=\"fb-icons\"><div class=\"icons-section like-section\"><i class=\"fa fa-thumbs-o-up\" aria-hidden=\"true\"><\/i><span><\/span><\/div><div class=\"icons-section comment-section\"><i class=\"fa fa-comment-o\" aria-hidden=\"true\"><\/i><span><\/span><\/div><div class=\"icons-section share-section\"><i class=\"fa fa-share\" aria-hidden=\"true\"><\/i><span><\/span><\/div><\/div><\/div><\/div><\/div><div data-id=\"5109\" data-key=\"4\" data-textcolor=\"\" data-bgcolor=\"\" data-design=\"2\" id=\"item-5109\" class=\"frst-timeline-block frst-even-item prevItem frst-small-img\" data-animation=\"fadeIn\"><div class=\"frst-timeline-img\"><span  ><i  class=\"fa fa-child\" aria-hidden=\"true\"><\/i><\/span>\r\n            <\/div><div class=\"frst-timeline-content\"  ><div class=\"frst-timeline-content-inner\" ><h2 >REKRUTTERING<\/h2><span class=\"frst-date\"><\/span><p >Dersom vilk\u00e5rene passer for begge parter starter vi den offisielle rekrutteringsprosessen.<\/p><div class=\"fb-icons\"><div class=\"icons-section like-section\"><i class=\"fa fa-thumbs-o-up\" aria-hidden=\"true\"><\/i><span><\/span><\/div><div class=\"icons-section comment-section\"><i class=\"fa fa-comment-o\" aria-hidden=\"true\"><\/i><span><\/span><\/div><div class=\"icons-section share-section\"><i class=\"fa fa-share\" aria-hidden=\"true\"><\/i><span><\/span><\/div><\/div><\/div><\/div><\/div><div data-id=\"5108\" data-key=\"5\" data-textcolor=\"\" data-bgcolor=\"\" data-design=\"2\" id=\"item-5108\" class=\"frst-timeline-block frst-odd-item prevItem frst-small-img\" data-animation=\"fadeIn\"><div class=\"frst-timeline-img\"><span  ><i  class=\"fa fa-file-o\" aria-hidden=\"true\"><\/i><\/span>\r\n            <\/div><div class=\"frst-timeline-content\"  ><div class=\"frst-timeline-content-inner\" ><h2 >UTFERDIGELSE AV DOKUMENTASJON<\/h2><span class=\"frst-date\"><\/span><p >Vi utferdiger n\u00f8dvendige dokumentasjon for at den ansatte kan starte arbeid (for eksempel visum og arbeidstillatelse).<\/p><div class=\"fb-icons\"><div class=\"icons-section like-section\"><i class=\"fa fa-thumbs-o-up\" aria-hidden=\"true\"><\/i><span><\/span><\/div><div class=\"icons-section comment-section\"><i class=\"fa fa-comment-o\" aria-hidden=\"true\"><\/i><span><\/span><\/div><div class=\"icons-section share-section\"><i class=\"fa fa-share\" aria-hidden=\"true\"><\/i><span><\/span><\/div><\/div><\/div><\/div><\/div><div data-id=\"5107\" data-key=\"6\" data-textcolor=\"\" data-bgcolor=\"\" data-design=\"2\" id=\"item-5107\" class=\"frst-timeline-block frst-even-item prevItem frst-small-img\" data-animation=\"fadeIn\"><div class=\"frst-timeline-img\"><span  ><i  class=\"fa fa-home\" aria-hidden=\"true\"><\/i><\/span>\r\n            <\/div><div class=\"frst-timeline-content\"  ><div class=\"frst-timeline-content-inner\" ><h2 >TRANSPORT OG INNKVARTERING<\/h2><span class=\"frst-date\"><\/span><p >Vi organiserer den ansattes transport fra opprinnelsesland til destinasjonsland og tar vare p\u00e5 innkvartering.<\/p><div class=\"fb-icons\"><div class=\"icons-section like-section\"><i class=\"fa fa-thumbs-o-up\" aria-hidden=\"true\"><\/i><span><\/span><\/div><div class=\"icons-section comment-section\"><i class=\"fa fa-comment-o\" aria-hidden=\"true\"><\/i><span><\/span><\/div><div class=\"icons-section share-section\"><i class=\"fa fa-share\" aria-hidden=\"true\"><\/i><span><\/span><\/div><\/div><\/div><\/div><\/div><div data-id=\"5106\" data-key=\"7\" data-textcolor=\"\" data-bgcolor=\"\" data-design=\"2\" id=\"item-5106\" class=\"frst-timeline-block frst-odd-item prevItem frst-small-img\" data-animation=\"fadeIn\"><div class=\"frst-timeline-img\"><span  ><i  class=\"fa fa-graduation-cap\" aria-hidden=\"true\"><\/i><\/span>\r\n            <\/div><div class=\"frst-timeline-content\"  ><div class=\"frst-timeline-content-inner\" ><h2 >OPPL\u00c6RING OG INSTRUERING<\/h2><span class=\"frst-date\"><\/span><p >Vi tilbyr etter behov ytterligere oppl\u00e6ring og instruering i henhold til kundens behov.<\/p><div class=\"fb-icons\"><div class=\"icons-section like-section\"><i class=\"fa fa-thumbs-o-up\" aria-hidden=\"true\"><\/i><span><\/span><\/div><div class=\"icons-section comment-section\"><i class=\"fa fa-comment-o\" aria-hidden=\"true\"><\/i><span><\/span><\/div><div class=\"icons-section share-section\"><i class=\"fa fa-share\" aria-hidden=\"true\"><\/i><span><\/span><\/div><\/div><\/div><\/div><\/div><div data-id=\"5105\" data-key=\"8\" data-textcolor=\"\" data-bgcolor=\"\" data-design=\"2\" id=\"item-5105\" class=\"frst-timeline-block frst-even-item prevItem frst-small-img\" data-animation=\"fadeIn\"><div class=\"frst-timeline-img\"><span  ><i  class=\"fa fa-sign-language\" aria-hidden=\"true\"><\/i><\/span>\r\n            <\/div><div class=\"frst-timeline-content\"  ><div class=\"frst-timeline-content-inner\" ><h2 >OPPSTART AV ARBEID<\/h2><span class=\"frst-date\"><\/span><p >De ansatte starter arbeid i deres nye stillinger.<\/p><div class=\"fb-icons\"><div class=\"icons-section like-section\"><i class=\"fa fa-thumbs-o-up\" aria-hidden=\"true\"><\/i><span><\/span><\/div><div class=\"icons-section comment-section\"><i class=\"fa fa-comment-o\" aria-hidden=\"true\"><\/i><span><\/span><\/div><div class=\"icons-section share-section\"><i class=\"fa fa-share\" aria-hidden=\"true\"><\/i><span><\/span><\/div><\/div><\/div><\/div><\/div><div data-id=\"5104\" data-key=\"9\" data-textcolor=\"\" data-bgcolor=\"\" data-design=\"2\" id=\"item-5104\" class=\"frst-timeline-block frst-odd-item prevItem frst-small-img\" data-animation=\"fadeIn\"><div class=\"frst-timeline-img\"><span  ><i  class=\"fa fa-subway\" aria-hidden=\"true\"><\/i><\/span>\r\n            <\/div><div class=\"frst-timeline-content\"  ><div class=\"frst-timeline-content-inner\" ><h2 >LOGISTIKK<\/h2><span class=\"frst-date\"><\/span><p >Vi organiserer transport mellom arbeids- og bosted.<\/p><div class=\"fb-icons\"><div class=\"icons-section like-section\"><i class=\"fa fa-thumbs-o-up\" aria-hidden=\"true\"><\/i><span><\/span><\/div><div class=\"icons-section comment-section\"><i class=\"fa fa-comment-o\" aria-hidden=\"true\"><\/i><span><\/span><\/div><div class=\"icons-section share-section\"><i class=\"fa fa-share\" aria-hidden=\"true\"><\/i><span><\/span><\/div><\/div><\/div><\/div><\/div><div data-id=\"5103\" data-key=\"10\" data-textcolor=\"\" data-bgcolor=\"\" data-design=\"2\" id=\"item-5103\" class=\"frst-timeline-block frst-even-item prevItem frst-small-img\" data-animation=\"fadeIn\"><div class=\"frst-timeline-img\"><span  ><i  class=\"fa fa-check\" aria-hidden=\"true\"><\/i><\/span>\r\n            <\/div><div class=\"frst-timeline-content\"  ><div class=\"frst-timeline-content-inner\" ><h2 >KVALITETSKONTROLL<\/h2><span class=\"frst-date\"><\/span><p >Vi sikrer overv\u00e5king av selskapets ansvarsforsikring og arbeidskvalitet.<\/p><div class=\"fb-icons\"><div class=\"icons-section like-section\"><i class=\"fa fa-thumbs-o-up\" aria-hidden=\"true\"><\/i><span><\/span><\/div><div class=\"icons-section comment-section\"><i class=\"fa fa-comment-o\" aria-hidden=\"true\"><\/i><span><\/span><\/div><div class=\"icons-section share-section\"><i class=\"fa fa-share\" aria-hidden=\"true\"><\/i><span><\/span><\/div><\/div><\/div><\/div><\/div><\/div><\/div><\/p><\/div>\r\n\t\t<\/div>\r\n\t<\/div>\r\n<\/section>\r\n<\/p>\n","protected":false},"excerpt":{"rendered":"<p>Vi sikrer overv\u00e5king av selskapets ansvarsforsikring og arbeidskvalitet.<\/p>\n","protected":false},"author":7,"featured_media":0,"parent":0,"menu_order":0,"comment_status":"closed","ping_status":"closed","template":"","meta":{"_wp_rev_ctl_limit":""},"_links":{"self":[{"href":"https:\/\/hirehand.eu\/no\/wp-json\/wp\/v2\/pages\/5042"}],"collection":[{"href":"https:\/\/hirehand.eu\/no\/wp-json\/wp\/v2\/pages"}],"about":[{"href":"https:\/\/hirehand.eu\/no\/wp-json\/wp\/v2\/types\/page"}],"author":[{"embeddable":true,"href":"https:\/\/hirehand.eu\/no\/wp-json\/wp\/v2\/users\/7"}],"replies":[{"embeddable":true,"href":"https:\/\/hirehand.eu\/no\/wp-json\/wp\/v2\/comments?post=5042"}],"version-history":[{"count":3,"href":"https:\/\/hirehand.eu\/no\/wp-json\/wp\/v2\/pages\/5042\/revisions"}],"predecessor-version":[{"id":5186,"href":"https:\/\/hirehand.eu\/no\/wp-json\/wp\/v2\/pages\/5042\/revisions\/5186"}],"wp:attachment":[{"href":"https:\/\/hirehand.eu\/no\/wp-json\/wp\/v2\/media?parent=5042"}],"curies":[{"name":"wp","href":"https:\/\/api.w.org\/{rel}","templated":true}]}}