{"id":5043,"date":"2019-03-19T20:45:42","date_gmt":"2019-03-19T20:45:42","guid":{"rendered":"https:\/\/hirehand.eu\/toopakkujale\/"},"modified":"2019-11-11T09:03:45","modified_gmt":"2019-11-11T09:03:45","slug":"for-arbeidsgivere","status":"publish","type":"page","link":"https:\/\/hirehand.eu\/no\/for-arbeidsgivere\/","title":{"rendered":"FOR ARBEIDSGIVERE"},"content":{"rendered":"<p><div class=\"text-block\">\r\n\t<h4>INNLEIE AV ARBEIDSKRAFT BETYR \u00c5 LA ET BEMANNINGSBYR\u00c5 TA SEG AV TIDSKREVENDE PERSONALFORVALTNING.<\/h4><p><strong>Hva er fordelene med innleie, formidling og rekruttering av arbeidskraft sammenlignet med vanlig s\u00f8k av ansatte?<\/strong><\/p><ul><li>Det muliggj\u00f8r for selskapet \u00e5 fokusere p\u00e5 vekst og utvidelse av kundebase.<\/li><li>Sparer b\u00e5de kostnader og tid.<\/li><li>Reduser farer knyttet til \u00e5 finne arbeidskraft.<\/li><li>Gj\u00f8r det mulig \u00e5 optimere antallet ansatte i henhold til endringer i arbeidsvolum.<\/li><\/ul><p><strong>Hvordan ser ut prosessen bak utleie av arbeidskraft?<\/strong><\/p><ol><li>Vi finner en passende medarbeider, tester kunnskaper og ferdigheter<\/li><li>Presenterer for selskapet<\/li><li>Rekrutteringsprosessen (i tilfelle av eksterne arbeidskraft utferdiger vi selv all n\u00f8dvendig dokumentasjon, f. eks. visum, arbeidstillatelse og lovlig opphold))<\/li><li>Vi organiserer logistikk og transport til destinasjon, og overnatting om n\u00f8dvendig<\/li><li>Vi betaler l\u00f8nn<\/li><li>Vi sikrer overv\u00e5king av selskapets ansvarsforsikring og arbeidskvalitet<\/li><\/ol><p>Vi skj\u00f8nner at det er endel frykt, tvil og ofte stilte sp\u00f8rsm\u00e5l knyttet til innleie og formidling av utenlandsk arbeidskraft. <strong>Les mer ogs\u00e5 <a href=\"https:\/\/hirehand.eu\/no\/oss\/\">her<\/a><\/strong>.<\/p><\/div>\r\n<section class=\"fw-main-row  ls section_padding_top_50 section_padding_bottom_50 columns_padding_15 spets\" >\r\n\t<h3 class=\"hidden\">69e5727b227b4<\/h3>\r\n\t\t\t<div class=\"container\">\r\n\t\t<div class=\"row\">\r\n\t\t\t<div class=\"col-xs-12 col-md-4 to_animate\"  data-animation=\"pullUp\">\r\n\t<div class=\"special-heading text-left\">\r\n\t<h5 class=\"section_header margin_0  \">\r\n\t<span class=\" medium text-uppercase\">\r\n\t\tOPPRINNELSESLAND?\t<\/span>\r\n\t<\/h5>\r\n<\/div>\r\n\r\n\t<div class=\"fw-divider-space \" style=\"margin-top: 20px;\"><\/div>\r\n<div class=\"special-heading text-left\">\r\n\t<p class=\" paragraph\">\r\n\t<span class=\" regular text-transform-none\">\r\n\t\tVi formidler utenlandsk arbeids fra hele \u00d8st-Europa, blant annet Hviterussland og Ukraina, hvor vi har oppn\u00e5dd et p\u00e5litelig partnernettverk som resultat av langsiktig samarbeid.\t<\/span>\r\n\t<\/p>\r\n<\/div>\r\n<\/div>\r\n<div class=\"col-xs-12 col-md-4 to_animate\"  data-animation=\"pullUp\">\r\n\t<div class=\"special-heading text-left\">\r\n\t<h5 class=\"section_header margin_0  \">\r\n\t<span class=\" medium text-uppercase\">\r\n\t\tKVALITET P\u00c5 ARBEIDSKRAFT?\t<\/span>\r\n\t<\/h5>\r\n<\/div>\r\n\r\n\t<div class=\"fw-divider-space \" style=\"margin-top: 20px;\"><\/div>\r\n<div class=\"special-heading text-left\">\r\n\t<p class=\" paragraph\">\r\n\t<span class=\" regular text-transform-none\">\r\n\t\tVi s\u00f8rger for at arbeidskraft vi tilbyr har n\u00f8dvendig utdanningsniv\u00e5et og arbeidserfaring. F\u00f8r vi introduserer jobbs\u00f8keren til selskapet tester vi grundig hans\/hennes kunnskaper og ferdigheter for \u00e5 sikre b\u00e5de kompetanse, og vilje til \u00e5 jobbe i utlandet.\t<\/span>\r\n\t<\/p>\r\n<\/div>\r\n<\/div>\r\n<div class=\"col-xs-12 col-md-4 to_animate\"  data-animation=\"pullUp\">\r\n\t<div class=\"special-heading text-left\">\r\n\t<h5 class=\"section_header margin_0  \">\r\n\t<span class=\" medium text-uppercase\">\r\n\t\tANSATT MED ANNEN NASJONALITET?\t<\/span>\r\n\t<\/h5>\r\n<\/div>\r\n\r\n\t<div class=\"fw-divider-space \" style=\"margin-top: 20px;\"><\/div>\r\n<div class=\"special-heading text-left\">\r\n\t<p class=\" paragraph\">\r\n\t<span class=\" regular text-transform-none\">\r\n\t\tUtleie av arbeidskraft inneb\u00e6rer at arbeidstakeren er ansatt hos Hirehand mens han\/hun utf\u00f8rer arbeid hos selskapet, dvs. vi leier ut arbeidskraft til arbeidsgiveren. Kanskje den st\u00f8rste frykten vi har opplevd er frykten for arbeidstakere med annen nasjonalitet. Kan spr\u00e5kbarrieren bli et hinder? Passer hans\/hennes arbeidsmoral med v\u00e5r egen? Kan kulturelle forskjeller skape konflikter?\t<\/span>\r\n\t<\/p>\r\n<\/div>\r\n<\/div>\r\n\t\t<\/div>\r\n\t<\/div>\r\n<\/section>\r\n<div class=\"text-block\">\r\n\t<p>Virkeligheten har vist at de fleste av disse fryktene er un\u00f8dvendige. Alle medarbeidere, som vi formidler behersker flytende russisk og\/eller engelsk og har en motivert, \u00e5pen og vennlig holdning. Hvis de blir mottatt p\u00e5 samme m\u00e5te i selskapet, g\u00e5r samarbeidet alltid fint. Ofte er resultatene av bruk av innleid arbeidskraft mer positive enn man forventet i utgangspunktet, for eksempel kan spr\u00e5kkunnskapene til resten teamet bli bedre. Det er alltid verdt \u00e5 huske at selv om det oppst\u00e5r noen problemer, skifter vi ut den ansatte s\u00e5 snart som mulig.<\/p><p>Les mer om v\u00e5re <strong>tjenester<\/strong> og <strong>driftsomr\u00e5der<\/strong> <a href=\"https:\/\/hirehand.eu\/no\/tjenester\/\"><strong>her <\/strong><\/a> eller <strong><a href=\"https:\/\/hirehand.eu\/no\/kontakt\/\">ta kontakt med oss<\/a>.<\/strong><\/p><\/div>\r\n<\/p>\n","protected":false},"excerpt":{"rendered":"<p>INNLEIE AV ARBEIDSKRAFT BETYR \u00c5 LA ET BEMANNINGSBYR\u00c5 TA SEG AV TIDSKREVENDE PERSONALFORVALTNING.Hva er fordelene med innleie, formidling og rekruttering<\/p>\n","protected":false},"author":7,"featured_media":0,"parent":0,"menu_order":0,"comment_status":"closed","ping_status":"closed","template":"","meta":{"_wp_rev_ctl_limit":""},"_links":{"self":[{"href":"https:\/\/hirehand.eu\/no\/wp-json\/wp\/v2\/pages\/5043"}],"collection":[{"href":"https:\/\/hirehand.eu\/no\/wp-json\/wp\/v2\/pages"}],"about":[{"href":"https:\/\/hirehand.eu\/no\/wp-json\/wp\/v2\/types\/page"}],"author":[{"embeddable":true,"href":"https:\/\/hirehand.eu\/no\/wp-json\/wp\/v2\/users\/7"}],"replies":[{"embeddable":true,"href":"https:\/\/hirehand.eu\/no\/wp-json\/wp\/v2\/comments?post=5043"}],"version-history":[{"count":3,"href":"https:\/\/hirehand.eu\/no\/wp-json\/wp\/v2\/pages\/5043\/revisions"}],"predecessor-version":[{"id":5197,"href":"https:\/\/hirehand.eu\/no\/wp-json\/wp\/v2\/pages\/5043\/revisions\/5197"}],"wp:attachment":[{"href":"https:\/\/hirehand.eu\/no\/wp-json\/wp\/v2\/media?parent=5043"}],"curies":[{"name":"wp","href":"https:\/\/api.w.org\/{rel}","templated":true}]}}