{"id":5044,"date":"2019-03-19T20:45:29","date_gmt":"2019-03-19T20:45:29","guid":{"rendered":"https:\/\/hirehand.eu\/toootsijale\/"},"modified":"2020-01-04T11:13:22","modified_gmt":"2020-01-04T11:13:22","slug":"for-jobbsokere","status":"publish","type":"page","link":"https:\/\/hirehand.eu\/no\/for-jobbsokere\/","title":{"rendered":"FOR JOBBS\u00d8KERE"},"content":{"rendered":"<p><section class=\"fw-main-row  ls section_padding_top_0 section_padding_bottom_0 columns_padding_15 fullwidth-section background_cover\" >\r\n\t<h3 class=\"hidden\"> Form<\/h3>\r\n\t\t\t<div class=\"container-fluid\">\r\n\t\t<div class=\"row\">\r\n\t\t\t<div class=\"col-xs-12 to_animate\"  data-animation=\"pullDown\">\r\n\t<div class=\"text-block\">\r\n\t<p><strong>Leter <\/strong> du etter en jobb i et verdsatt, p\u00e5litelig og st\u00f8ttende team?<\/p><p><strong>\u00d8nsker du <\/strong> du \u00e5 m\u00f8te utfordringer i et internasjonalt selskap?<\/p><p>Teamet i Hire Hand hjelper deg \u00e5 finne den rette jobben <strong>for deg.<\/strong><\/p><p>Vi har partnere i mange bransjer og ledige stillinger for mange yrker, alt fra enkelt arbeid til spesialister.<\/p><p>Fyll ut CV-skjemaet nedenfor og vi tar kontakt  <strong>med deg!<\/strong><\/p><\/div>\r\n\r\n\t<div class=\"fw-divider-space \" style=\"margin-top: 60px;\"><\/div>\r\n<\/div>\r\n\t\t<\/div>\r\n\t<\/div>\r\n<\/section>\r\n<section class=\"fw-main-row  ls section_padding_top_50 section_padding_bottom_50 columns_padding_15\" >\r\n\t<h3 class=\"hidden\">69ecb0b9dfb5e<\/h3>\r\n\t\t\t<div class=\"container\">\r\n\t\t<div class=\"row\">\r\n\t\t\t<div class=\"col-xs-12\"  >\r\n\t<div class=\"special-heading text-center\">\r\n\t<h3 class=\"section_header margin_0  \">\r\n\t<span class=\" medium text-uppercase\">\r\n\t\tSETT SAMMEN DIN CV\t<\/span>\r\n\t<\/h3>\r\n<\/div>\r\n\r\n\t<div class=\"fw-divider-space \" style=\"margin-top: 30px;\"><\/div>\r\n<\/div>\r\n<div class=\"col-xs-12 col-md-3\"  >\r\n\t<\/div>\r\n<div class=\"col-xs-12 col-md-6\"  >\r\n\t<div class=\"text-block\">\r\n\t<p><div role=\"form\" class=\"wpcf7\" id=\"wpcf7-f5187-o1\" lang=\"en-US\" dir=\"ltr\">\n<div class=\"screen-reader-response\"><p role=\"status\" aria-live=\"polite\" aria-atomic=\"true\"><\/p> <ul><\/ul><\/div>\n<form action=\"\/no\/wp-json\/wp\/v2\/pages\/5044#wpcf7-f5187-o1\" method=\"post\" class=\"wpcf7-form init\" enctype=\"multipart\/form-data\" novalidate=\"novalidate\" data-status=\"init\">\n<div style=\"display: none;\">\n<input type=\"hidden\" name=\"_wpcf7\" value=\"5187\" \/>\n<input type=\"hidden\" name=\"_wpcf7_version\" value=\"5.6.2\" \/>\n<input type=\"hidden\" name=\"_wpcf7_locale\" value=\"en_US\" \/>\n<input type=\"hidden\" name=\"_wpcf7_unit_tag\" value=\"wpcf7-f5187-o1\" \/>\n<input type=\"hidden\" name=\"_wpcf7_container_post\" value=\"0\" \/>\n<input type=\"hidden\" name=\"_wpcf7_posted_data_hash\" value=\"\" \/>\n<\/div>\n<div class=\"row\">\n<h5>- DINE DATA<\/h5>\n<div class=\"col-xs-12\">\n<p><span class=\"wpcf7-form-control-wrap\" data-name=\"your-name\"><input type=\"text\" name=\"your-name\" value=\"\" size=\"40\" class=\"wpcf7-form-control wpcf7-text wpcf7-validates-as-required form-control\" aria-required=\"true\" aria-invalid=\"false\" placeholder=\"Navn\" \/><\/span><\/p>\n<p><span class=\"wpcf7-form-control-wrap\" data-name=\"your-age\"><input type=\"text\" name=\"your-age\" value=\"\" size=\"40\" class=\"wpcf7-form-control wpcf7-text wpcf7-validates-as-required form-control\" aria-required=\"true\" aria-invalid=\"false\" placeholder=\"F\u00f8dselsdato\" \/><\/span><\/p>\n<p><span class=\"wpcf7-form-control-wrap\" data-name=\"your-address\"><input type=\"text\" name=\"your-address\" value=\"\" size=\"40\" class=\"wpcf7-form-control wpcf7-text wpcf7-validates-as-required form-control\" aria-required=\"true\" aria-invalid=\"false\" placeholder=\"Adresse\" \/><\/span><\/p>\n<p><span class=\"wpcf7-form-control-wrap\" data-name=\"your-email\"><input type=\"email\" name=\"your-email\" value=\"\" size=\"40\" class=\"wpcf7-form-control wpcf7-text wpcf7-email wpcf7-validates-as-required wpcf7-validates-as-email form-control\" aria-required=\"true\" aria-invalid=\"false\" placeholder=\"E-post\" \/><\/span><\/p>\n<p><span class=\"wpcf7-form-control-wrap\" data-name=\"phone-number\"><input type=\"number\" name=\"phone-number\" value=\"\" class=\"wpcf7-form-control wpcf7-number wpcf7-validates-as-required wpcf7-validates-as-number form-control\" aria-required=\"true\" aria-invalid=\"false\" placeholder=\"Telefon\" \/><\/span><\/p>\n<p><span class=\"wpcf7-form-control-wrap\" data-name=\"your-language\"><input type=\"text\" name=\"your-language\" value=\"\" size=\"40\" class=\"wpcf7-form-control wpcf7-text wpcf7-validates-as-required form-control\" aria-required=\"true\" aria-invalid=\"false\" placeholder=\"Morsm\u00e5l\" \/><\/span><\/p>\n<p><span class=\"wpcf7-form-control-wrap\" data-name=\"your-familystatus\"><input type=\"text\" name=\"your-familystatus\" value=\"\" size=\"40\" class=\"wpcf7-form-control wpcf7-text wpcf7-validates-as-required form-control\" aria-required=\"true\" aria-invalid=\"false\" placeholder=\"Sivilstand\" \/><\/span><\/p>\n<p><span class=\"wpcf7-form-control-wrap\" data-name=\"your-education\"><input type=\"text\" name=\"your-education\" value=\"\" size=\"40\" class=\"wpcf7-form-control wpcf7-text wpcf7-validates-as-required form-control\" aria-required=\"true\" aria-invalid=\"false\" placeholder=\"Utdanning\" \/><\/span><\/p>\n<p class=\"uploadfieldtrick\">\n            <span class=\"wpcf7-form-control-wrap\" data-name=\"file-varvifoto\"><input type=\"file\" name=\"file-varvifoto\" size=\"40\" class=\"wpcf7-form-control wpcf7-file fileuploadfield form-control\" id=\"fileuploadfield\" accept=\"audio\/*,video\/*,image\/*\" aria-invalid=\"false\" \/><\/span><span class=\"wpcf7-form-control-wrap\" data-name=\"uploadtextfield\"><input type=\"text\" name=\"uploadtextfield\" value=\"\" size=\"40\" class=\"wpcf7-form-control wpcf7-text uploadtextfield form-control\" id=\"uploadtextfield\" aria-invalid=\"false\" placeholder=\"Legg til bilde, 40X50mm, fargebilde\" \/><\/span><input type=\"button\" id=\"uploadbrowsebutton\" class=\"upbtn\" value=\"Velg fil\">\n    <\/div>\n<\/div>\n<div class=\"row\">\n<h5>- UTDANNING<\/h5>\n<div class=\"col-xs-12\">\n<p><span class=\"wpcf7-form-control-wrap\" data-name=\"your-haridus\"><textarea name=\"your-haridus\" cols=\"45\" rows=\"5\" class=\"wpcf7-form-control wpcf7-textarea form-control\" aria-invalid=\"false\" placeholder=\"2017 - 2019 University of Tartu, Master&#039;s Degree in Sociology (study form: distance learning)\"><\/textarea><\/span><\/p>\n<div class=\"hiddentitle hidden\">asdas das das<\/div>\n<\/div>\n<\/div>\n<div class=\"row\">\n<h5>- VIDEREUTDANNING<\/h5>\n<div class=\"col-xs-12\">\n<p><span class=\"wpcf7-form-control-wrap\" data-name=\"your-t2iendkoolitus\"><textarea name=\"your-t2iendkoolitus\" cols=\"45\" rows=\"5\" class=\"wpcf7-form-control wpcf7-textarea form-control\" aria-invalid=\"false\" placeholder=\"Oct. 2017 - Management Training, O\u00dc Hea Juht, volume 16 hours\"><\/textarea><\/span><\/p>\n<p class=\"uploadfieldtrick\">\n            <span class=\"wpcf7-form-control-wrap\" data-name=\"file-koolitus\"><input type=\"file\" name=\"file-koolitus\" size=\"40\" class=\"wpcf7-form-control wpcf7-file fileuploadfield form-control\" id=\"fileuploadfield2\" accept=\"audio\/*,video\/*,image\/*\" aria-invalid=\"false\" \/><\/span><span class=\"wpcf7-form-control-wrap\" data-name=\"uploadtextfield2\"><input type=\"text\" name=\"uploadtextfield2\" value=\"\" size=\"40\" class=\"wpcf7-form-control wpcf7-text uploadtextfield form-control\" id=\"uploadtextfield2\" aria-invalid=\"false\" placeholder=\"Additional training document\" \/><\/span><input type=\"button\" id=\"uploadbrowsebutton2\" class=\"upbtn\" value=\"Velg file\">\n    <\/div>\n<\/div>\n<div class=\"row\">\n<h5>- DIPLOMAS<\/h5>\n<div class=\"col-xs-12\">\n<p><span class=\"wpcf7-form-control-wrap\" data-name=\"your-diplomid\"><textarea name=\"your-diplomid\" cols=\"45\" rows=\"5\" class=\"wpcf7-form-control wpcf7-textarea form-control\" aria-invalid=\"false\" placeholder=\"Oct. 2017 - Management Training, O\u00dc Hea Juht, volume 16 hours\"><\/textarea><\/span><\/p>\n<p class=\"uploadfieldtrick\">\n            <span class=\"wpcf7-form-control-wrap\" data-name=\"file-diplom\"><input type=\"file\" name=\"file-diplom\" size=\"40\" class=\"wpcf7-form-control wpcf7-file fileuploadfield form-control\" id=\"fileuploadfield3\" accept=\"audio\/*,video\/*,image\/*\" aria-invalid=\"false\" \/><\/span><span class=\"wpcf7-form-control-wrap\" data-name=\"uploadtextfield3\"><input type=\"text\" name=\"uploadtextfield3\" value=\"\" size=\"40\" class=\"wpcf7-form-control wpcf7-text uploadtextfield form-control\" id=\"uploadtextfield3\" aria-invalid=\"false\" placeholder=\"Add a document\" \/><\/span><input type=\"button\" id=\"uploadbrowsebutton3\" class=\"upbtn\" value=\"Velg file\">\n    <\/div>\n<\/div>\n<div class=\"row\">\n<h5>- SERTIFIKATER<\/h5>\n<div class=\"col-xs-12\">\n<p><span class=\"wpcf7-form-control-wrap\" data-name=\"your-sertifikaadid\"><textarea name=\"your-sertifikaadid\" cols=\"45\" rows=\"5\" class=\"wpcf7-form-control wpcf7-textarea form-control\" aria-invalid=\"false\" placeholder=\"Oct. 2017 - Management Training, O\u00dc Hea Juht, volume 16 hours\"><\/textarea><\/span><\/p>\n<p class=\"uploadfieldtrick\">\n            <span class=\"wpcf7-form-control-wrap\" data-name=\"file-sert\"><input type=\"file\" name=\"file-sert\" size=\"40\" class=\"wpcf7-form-control wpcf7-file fileuploadfield form-control\" id=\"fileuploadfield4\" accept=\"audio\/*,video\/*,image\/*\" aria-invalid=\"false\" \/><\/span><span class=\"wpcf7-form-control-wrap\" data-name=\"uploadtextfield4\"><input type=\"text\" name=\"uploadtextfield4\" value=\"\" size=\"40\" class=\"wpcf7-form-control wpcf7-text uploadtextfield form-control\" id=\"uploadtextfield4\" aria-invalid=\"false\" placeholder=\"Add a document\" \/><\/span><input type=\"button\" id=\"uploadbrowsebutton4\" class=\"upbtn\" value=\"Velg file\">\n    <\/div>\n<\/div>\n<div class=\"row\">\n<h5>- ARBEIDSERFARING<\/h5>\n<div class=\"col-xs-12\">\n<p><span class=\"wpcf7-form-control-wrap\" data-name=\"your-tookogemus\"><textarea name=\"your-tookogemus\" cols=\"45\" rows=\"5\" class=\"wpcf7-form-control wpcf7-textarea form-control\" aria-invalid=\"false\" placeholder=\"July 2010 - 2018: O\u00dc Minult to You, Head of Sales Department\"><\/textarea><\/span>\n    <\/p><\/div>\n<\/div>\n<div class=\"row\">\n<h5>- SPR\u00c5KKUNNSKAPER<\/h5>\n<div class=\"col-xs-12\">\n<p><span class=\"wpcf7-form-control-wrap\" data-name=\"your-foreign_languages\"><textarea name=\"your-foreign_languages\" cols=\"45\" rows=\"5\" class=\"wpcf7-form-control wpcf7-textarea form-control\" aria-invalid=\"false\" placeholder=\"English - very good both in speech and in writing (C1)\"><\/textarea><\/span>\n    <\/p><\/div>\n<\/div>\n<div class=\"row\">\n<h5>- DATAFERDIGHETER<\/h5>\n<div class=\"col-xs-12\">\n<p><span class=\"wpcf7-form-control-wrap\" data-name=\"your-arvutitase\"><textarea name=\"your-arvutitase\" cols=\"45\" rows=\"5\" class=\"wpcf7-form-control wpcf7-textarea form-control\" aria-invalid=\"false\" placeholder=\"Specialist Level: MS Excel, MS Outlook, MS PowerPoint, Windows\"><\/textarea><\/span>\n    <\/p><\/div>\n<\/div>\n<div class=\"row\">\n<h5>- STYREFERDIGHETER OG TILLATELSER<\/h5>\n<div class=\"col-xs-12\">\n<p><span class=\"wpcf7-form-control-wrap\" data-name=\"your-juhtimisoigus\"><textarea name=\"your-juhtimisoigus\" cols=\"45\" rows=\"5\" class=\"wpcf7-form-control wpcf7-textarea form-control\" aria-invalid=\"false\" placeholder=\"Category B since 1997. Possibility of using a personal car. Forklift Truck Permits.\"><\/textarea><\/span><\/p>\n<p class=\"uploadfieldtrick\">\n            <span class=\"wpcf7-form-control-wrap\" data-name=\"file-juhiload\"><input type=\"file\" name=\"file-juhiload\" size=\"40\" class=\"wpcf7-form-control wpcf7-file fileuploadfield form-control\" id=\"fileuploadfield5\" accept=\"audio\/*,video\/*,image\/*\" aria-invalid=\"false\" \/><\/span><span class=\"wpcf7-form-control-wrap\" data-name=\"uploadtextfield5\"><input type=\"text\" name=\"uploadtextfield5\" value=\"\" size=\"40\" class=\"wpcf7-form-control wpcf7-text uploadtextfield form-control\" id=\"uploadtextfield5\" aria-invalid=\"false\" placeholder=\"Add a document\" \/><\/span><input type=\"button\" id=\"uploadbrowsebutton5\" class=\"upbtn\" value=\"Velg file\">\n    <\/div>\n<\/div>\n<div class=\"row\">\n<h5>- INTERESSER<\/h5>\n<div class=\"col-xs-12\">\n<p><span class=\"wpcf7-form-control-wrap\" data-name=\"your-huvialad\"><textarea name=\"your-huvialad\" cols=\"45\" rows=\"5\" class=\"wpcf7-form-control wpcf7-textarea form-control\" aria-invalid=\"false\" placeholder=\"photography, sports\"><\/textarea><\/span>\n    <\/p><\/div>\n<\/div>\n<div class=\"row\">\n<h5>- PERSONLIGE EGENSKAPER<\/h5>\n<div class=\"col-xs-12\">\n<p><span class=\"wpcf7-form-control-wrap\" data-name=\"your-isikuomadused\"><textarea name=\"your-isikuomadused\" cols=\"45\" rows=\"5\" class=\"wpcf7-form-control wpcf7-textarea form-control\" aria-invalid=\"false\" placeholder=\"optimistic, with good stress tolerance\"><\/textarea><\/span>\n    <\/p><\/div>\n<\/div>\n<div class=\"row\">\n<h5>- DATO FOR OPPSTART AV ARBEID<\/h5>\n<div class=\"col-xs-12\">\n<p><span class=\"wpcf7-form-control-wrap\" data-name=\"your-tooleasimine\"><textarea name=\"your-tooleasimine\" cols=\"45\" rows=\"5\" class=\"wpcf7-form-control wpcf7-textarea form-control\" aria-invalid=\"false\" placeholder=\"either immediately or after a week\"><\/textarea><\/span>\n    <\/p><\/div>\n<\/div>\n<div class=\"row\">\n<h5>- GYLDIGHETSTID FOR ARBEIDSVISUM<\/h5>\n<div class=\"col-xs-12\">\n<p><span class=\"wpcf7-form-control-wrap\" data-name=\"your-tooviisa\"><textarea name=\"your-tooviisa\" cols=\"45\" rows=\"2\" class=\"wpcf7-form-control wpcf7-textarea form-control\" aria-invalid=\"false\" placeholder=\"180 days\"><\/textarea><\/span><\/p>\n<p class=\"uploadfieldtrick\">\n            <span class=\"wpcf7-form-control-wrap\" data-name=\"file-tooviisa\"><input type=\"file\" name=\"file-tooviisa\" size=\"40\" class=\"wpcf7-form-control wpcf7-file fileuploadfield form-control\" id=\"fileuploadfield6\" accept=\"audio\/*,video\/*,image\/*\" aria-invalid=\"false\" \/><\/span><span class=\"wpcf7-form-control-wrap\" data-name=\"uploadtextfield6\"><input type=\"text\" name=\"uploadtextfield6\" value=\"\" size=\"40\" class=\"wpcf7-form-control wpcf7-text uploadtextfield form-control\" id=\"uploadtextfield6\" aria-invalid=\"false\" placeholder=\"Upload a photo of your visa\" \/><\/span><input type=\"button\" id=\"uploadbrowsebutton6\" class=\"upbtn\" value=\"Velg file\">\n    <\/div>\n<\/div>\n<div class=\"row\">\n<h5>- GYLDIGHETSTID FOR PASS<\/h5>\n<div class=\"col-xs-12\">\n<p><span class=\"wpcf7-form-control-wrap\" data-name=\"your-passi-kehtivus\"><textarea name=\"your-passi-kehtivus\" cols=\"45\" rows=\"2\" class=\"wpcf7-form-control wpcf7-textarea form-control\" aria-invalid=\"false\" placeholder=\"3 months\"><\/textarea><\/span><\/p>\n<p class=\"uploadfieldtrick\">\n            <span class=\"wpcf7-form-control-wrap\" data-name=\"file-passi-infopilt\"><input type=\"file\" name=\"file-passi-infopilt\" size=\"40\" class=\"wpcf7-form-control wpcf7-file fileuploadfield form-control\" id=\"fileuploadfield7\" accept=\"audio\/*,video\/*,image\/*\" aria-invalid=\"false\" \/><\/span><span class=\"wpcf7-form-control-wrap\" data-name=\"uploadtextfield7\"><input type=\"text\" name=\"uploadtextfield7\" value=\"\" size=\"40\" class=\"wpcf7-form-control wpcf7-text uploadtextfield form-control\" id=\"uploadtextfield7\" aria-invalid=\"false\" placeholder=\"Upload a photo of your passport\" \/><\/span><input type=\"button\" id=\"uploadbrowsebutton7\" class=\"upbtn\" value=\"Velg file\">\n    <\/div>\n<\/div>\n<div class=\"row\">\n<h5>- TIDLIGERE ARBEIDSGIVERE ELLER ANBEFALINGER<\/h5>\n<div class=\"col-xs-12\">\n<p><span class=\"wpcf7-form-control-wrap\" data-name=\"your-soovitajad\"><textarea name=\"your-soovitajad\" cols=\"45\" rows=\"5\" class=\"wpcf7-form-control wpcf7-textarea form-control\" aria-invalid=\"false\" placeholder=\"Pille Pihlakas, O\u00dc Minult to You, CEO (direct manager), phone +372 533 2550\"><\/textarea><\/span>\n    <\/p><\/div>\n<\/div>\n<p>[recaptcha] <\/p>\n<p><input type=\"submit\" value=\"Send CV\" class=\"wpcf7-form-control has-spinner wpcf7-submit theme_button topmargin_10 wide_button white\" \/><\/p>\n<div class=\"wpcf7-response-output\" aria-hidden=\"true\"><\/div><\/form><\/div><\/p><\/div>\r\n<\/div>\r\n<div class=\"col-xs-12 col-md-3\"  >\r\n\t<\/div>\r\n\t\t<\/div>\r\n\t<\/div>\r\n<\/section>\r\n<\/p>\n","protected":false},"excerpt":{"rendered":"<p>Form Leter du etter en jobb i et verdsatt, p\u00e5litelig og st\u00f8ttende team?\u00d8nsker du du \u00e5 m\u00f8te utfordringer i et<\/p>\n","protected":false},"author":7,"featured_media":0,"parent":0,"menu_order":0,"comment_status":"closed","ping_status":"closed","template":"","meta":{"_wp_rev_ctl_limit":""},"_links":{"self":[{"href":"https:\/\/hirehand.eu\/no\/wp-json\/wp\/v2\/pages\/5044"}],"collection":[{"href":"https:\/\/hirehand.eu\/no\/wp-json\/wp\/v2\/pages"}],"about":[{"href":"https:\/\/hirehand.eu\/no\/wp-json\/wp\/v2\/types\/page"}],"author":[{"embeddable":true,"href":"https:\/\/hirehand.eu\/no\/wp-json\/wp\/v2\/users\/7"}],"replies":[{"embeddable":true,"href":"https:\/\/hirehand.eu\/no\/wp-json\/wp\/v2\/comments?post=5044"}],"version-history":[{"count":3,"href":"https:\/\/hirehand.eu\/no\/wp-json\/wp\/v2\/pages\/5044\/revisions"}],"predecessor-version":[{"id":5192,"href":"https:\/\/hirehand.eu\/no\/wp-json\/wp\/v2\/pages\/5044\/revisions\/5192"}],"wp:attachment":[{"href":"https:\/\/hirehand.eu\/no\/wp-json\/wp\/v2\/media?parent=5044"}],"curies":[{"name":"wp","href":"https:\/\/api.w.org\/{rel}","templated":true}]}}