{"id":5045,"date":"2019-03-16T21:54:08","date_gmt":"2019-03-16T21:54:08","guid":{"rendered":"https:\/\/hirehand.eu\/meist\/"},"modified":"2024-01-11T12:55:04","modified_gmt":"2024-01-11T12:55:04","slug":"om-oss","status":"publish","type":"page","link":"https:\/\/hirehand.eu\/no\/om-oss\/","title":{"rendered":"OM OSS"},"content":{"rendered":"<p><section class=\"fw-main-row  ls section_padding_top_50 section_padding_bottom_50 columns_padding_15\" >\r\n\t<h3 class=\"hidden\">69e52ff2c3012<\/h3>\r\n\t\t\t<div class=\"container\">\r\n\t\t<div class=\"row\">\r\n\t\t\t<div class=\"col-xs-12 to_animate\"  data-animation=\"fadeInUp\">\r\n\t<div class=\"text-block\">\r\n\t<h3>OM OSS<\/h3><p><span style=\"font-weight: 400;\"><strong>Vi er et selskap som driver med formidling av arbeidskraft. <\/strong><\/span><span style=\"font-weight: 400;\">Hensikten v\u00e5r er \u00e5 sette sammen jobbs\u00f8kende og arbeidsgiver, og dette p\u00e5 en mest mulig enkel, gjennomsiktig og sikker m\u00e5te.<\/span><\/p><p><span style=\"font-weight: 400;\">V\u00e5re storkunder er fabrikker og industribedrifter b\u00e5de i Estland og andre steder i Europa. De mest aktuelle virksomhetsfeltene hittil har v\u00e6rt tre-, metall- og m\u00f8belindustri, men ogs\u00e5 n\u00e6ringsmiddelindustri. <\/span><\/p><p><span style=\"font-weight: 400;\">Vi har drevet med rekruttering av arbeidskraft siden 2015 og i l\u00f8pet av denne perioden har vi skapt kontakt med arbeidsgivere for mer enn 500 arbeidss\u00f8kere. <\/span><span style=\"font-weight: 400;\">Les n\u00e6rmere om v\u00e5re tje <a href=\"https:\/\/hirehand.eu\/no\/tjenester\/\">tjenester<\/a> kohta.\u00a0<\/span><\/p><p><span style=\"font-weight: 400;\">I dag har vi opprettet et samarbeidsnettverk over hele \u00d8st-Europa (inkludert Hviterussland og Ukraina), som gj\u00f8r at vi kan tilby p\u00e5litelig utenlandsk arbeidskraft for lokale bedrifter.. <\/span><\/p><p><span style=\"font-weight: 400;\">Vi tar selv vare p\u00e5 hele formidlingsprosessen, alt fra s\u00f8k og testing av arbeidskraft til n\u00f8dvendige juridiske handlinger, logistikk, innkvartering og forsikring. <\/span><span style=\"font-weight: 400;\">Les mer om <a href=\"https:\/\/hirehand.eu\/no\/for-arbeidsgivere\/\">formidling av arbeidskraft<\/a> kohta.<\/span><\/p><p><b>V\u00e5r hensikt er \u00e5 gi en hjelpende h\u00e5nd <\/b><span style=\"font-weight: 400;\"> og f\u00f8re sammen en dyktig medarbeider og et verdifullt selskap, noe som danner grunnlag for utmerket samarbeid.<\/span><span style=\"font-weight: 400;\"><br \/><\/span><\/p><\/div>\r\n<\/div>\r\n<div class=\"col-xs-12 to_animate\"  data-animation=\"fadeInUp\">\r\n\t<\/div>\r\n\t\t<\/div>\r\n\t<\/div>\r\n<\/section>\r\n<section class=\"fw-main-row  ls section_padding_top_50 section_padding_bottom_50 columns_padding_15\" >\r\n\t<h3 class=\"hidden\"> Meeskond<\/h3>\r\n\t\t\t<div class=\"container\">\r\n\t\t<div class=\"row\">\r\n\t\t\t<div class=\"text-block\">\r\n\t<h3>TEAM<\/h3><\/div>\r\n<div class=\"col-xs-12 col-md-4 to_animate with_shadow-v2\"  data-animation=\"fadeInRightBig\">\r\n\t<div class=\"thumbnail\">\r\n\t<img src=\"\/\/hirehand.eu\/wp-content\/uploads\/2024\/01\/hirehand_footer_logo_2.png\" alt=\"Info\"\/>\r\n\t<div class=\"caption\">\r\n\t\t<h3>Info<\/h3>\r\n\t\t<p>Ring oss<\/p>\r\n\t\t<div class=\"member-description\">\r\n\t\t\t<p>(EST; RU; ENG; GER)<br>\n<strong>info@hirehand.eu<br><\/strong><\/p>\r\n\t\t<\/div>\r\n\t\t\t<\/div>\r\n<\/div><div class=\"thumbnail\">\r\n\t<img src=\"\/\/hirehand.eu\/wp-content\/uploads\/2024\/01\/hirehand_footer_logo_2.png\" alt=\"\"\/>\r\n\t<div class=\"caption\">\r\n\t\t<h3><\/h3>\r\n\t\t<p>Salgsspesialist<\/p>\r\n\t\t<div class=\"member-description\">\r\n\t\t\t<p>+372 56 888 884 (EST; RU; ENG; GER)<br>\n<strong>info@hirehand.eu<br><\/strong><\/p>\r\n\t\t<\/div>\r\n\t\t\t<\/div>\r\n<\/div><\/div>\r\n<div class=\"col-xs-12 col-md-4 to_animate with_shadow-v2\"  data-animation=\"fadeInRightBig\">\r\n\t<div class=\"thumbnail\">\r\n\t<img src=\"\/\/hirehand.eu\/wp-content\/uploads\/2024\/01\/hirehand_footer_logo_2.png\" alt=\"Oksana \u0160ablinskaja\"\/>\r\n\t<div class=\"caption\">\r\n\t\t<h3>Oksana \u0160ablinskaja<\/h3>\r\n\t\t<p>Salgssjef<\/p>\r\n\t\t<div class=\"member-description\">\r\n\t\t\t<p>+372 50 321 83 (EST; RUS) <br>\n<strong>oksana@hirehand.eu<\/strong><br>\n<\/p>\r\n\t\t<\/div>\r\n\t\t\t<\/div>\r\n<\/div><div class=\"thumbnail\">\r\n\t<img src=\"\/\/hirehand.eu\/wp-content\/uploads\/2024\/01\/hirehand_footer_logo_2.png\" alt=\"\"\/>\r\n\t<div class=\"caption\">\r\n\t\t<h3><\/h3>\r\n\t\t<p>Innkj\u00f8psspesialist<\/p>\r\n\t\t<div class=\"member-description\">\r\n\t\t\t<p>(EST; RU; ENG; GER)<br>\n<strong>info@hirehand.eu<br><\/strong><\/p>\r\n\t\t<\/div>\r\n\t\t\t<\/div>\r\n<\/div><\/div>\r\n<div class=\"col-xs-12 col-md-4 to_animate with_shadow-v2\"  data-animation=\"fadeInRightBig\">\r\n\t<\/div>\r\n<div class=\"col-xs-12 col-md-4 to_animate with_shadow-v2\"  data-animation=\"fadeInDownBig\">\r\n\t<\/div>\r\n\t\t<\/div>\r\n\t<\/div>\r\n<\/section>\r\n<\/p>\n","protected":false},"excerpt":{"rendered":"<p>69e52ff2c3b53 OM OSSVi er et selskap som driver med formidling av arbeidskraft. Hensikten v\u00e5r er \u00e5 sette sammen jobbs\u00f8kende og<\/p>\n","protected":false},"author":7,"featured_media":0,"parent":0,"menu_order":0,"comment_status":"closed","ping_status":"closed","template":"page-templates\/full-width.php","meta":{"_wp_rev_ctl_limit":""},"_links":{"self":[{"href":"https:\/\/hirehand.eu\/no\/wp-json\/wp\/v2\/pages\/5045"}],"collection":[{"href":"https:\/\/hirehand.eu\/no\/wp-json\/wp\/v2\/pages"}],"about":[{"href":"https:\/\/hirehand.eu\/no\/wp-json\/wp\/v2\/types\/page"}],"author":[{"embeddable":true,"href":"https:\/\/hirehand.eu\/no\/wp-json\/wp\/v2\/users\/7"}],"replies":[{"embeddable":true,"href":"https:\/\/hirehand.eu\/no\/wp-json\/wp\/v2\/comments?post=5045"}],"version-history":[{"count":3,"href":"https:\/\/hirehand.eu\/no\/wp-json\/wp\/v2\/pages\/5045\/revisions"}],"predecessor-version":[{"id":5778,"href":"https:\/\/hirehand.eu\/no\/wp-json\/wp\/v2\/pages\/5045\/revisions\/5778"}],"wp:attachment":[{"href":"https:\/\/hirehand.eu\/no\/wp-json\/wp\/v2\/media?parent=5045"}],"curies":[{"name":"wp","href":"https:\/\/api.w.org\/{rel}","templated":true}]}}