{"id":4803,"date":"2019-03-19T20:45:42","date_gmt":"2019-03-19T20:45:42","guid":{"rendered":"https:\/\/hirehand.eu\/toopakkujale\/"},"modified":"2019-06-19T12:50:44","modified_gmt":"2019-06-19T12:50:44","slug":"rabotodatelyam","status":"publish","type":"page","link":"https:\/\/hirehand.eu\/ru\/rabotodatelyam\/","title":{"rendered":"\u0420\u0410\u0411\u041e\u0422\u041e\u0414\u0410\u0422\u0415\u041b\u042f\u041c"},"content":{"rendered":"<p><div class=\"text-block\">\r\n\t<h4>\u0410\u0420\u0415\u041d\u0414\u0410 \u0420\u0410\u0411\u041e\u0427\u0415\u0419 \u0421\u0418\u041b\u042b \u041e\u0417\u041d\u0410\u0427\u0410\u0415\u0422 \u041f\u0415\u0420\u0415\u0414\u0410\u0427\u0423 \u041f\u0420\u041e\u0426\u0415\u0421\u0421\u0410 \u0423\u041f\u0420\u0410\u0412\u041b\u0415\u041d\u0418\u042f \u041f\u0415\u0420\u0421\u041e\u041d\u0410\u041b\u041e\u041c, \u0422\u0420\u0415\u0411\u0423\u042e\u0429\u0415\u0413\u041e \u0417\u041d\u0410\u0427\u0418\u0422\u0415\u041b\u042c\u041d\u042b\u0425 \u0412\u0420\u0415\u041c\u0415\u041d\u041d\u042b\u0425 \u0417\u0410\u0422\u0420\u0410\u0422, \u0412 \u0420\u0423\u041a\u0418 \u041f\u0420\u0415\u0414\u041f\u0420\u0418\u042f\u0422\u0418\u042f, \u041e\u041a\u0410\u0417\u042b\u0412\u0410\u042e\u0429\u0415\u0419 \u0423\u0421\u041b\u0423\u0413\u0418 \u0422\u0420\u0423\u0414\u041e\u0412\u041e\u0413\u041e \u041f\u041e\u0421\u0420\u0415\u0414\u041d\u0418\u0427\u0415\u0421\u0422\u0412\u0410.<\/h4><p><strong>\u041a\u0430\u043a\u043e\u0432\u044b \u043f\u0440\u0435\u0438\u043c\u0443\u0449\u0435\u0441\u0442\u0432\u0430 \u0430\u0440\u0435\u043d\u0434\u044b \u0440\u0430\u0431\u043e\u0447\u0435\u0439 \u0441\u0438\u043b\u044b, \u0440\u0435\u043a\u0440\u0443\u0442\u0438\u043d\u0433\u0430, \u0430 \u0442\u0430\u043a\u0436\u0435 \u0442\u0440\u0443\u0434\u043e\u0432\u043e\u0433\u043e \u043f\u043e\u0441\u0440\u0435\u0434\u043d\u0438\u0447\u0435\u0441\u0442\u0432\u0430 \u043f\u043e \u0441\u0440\u0430\u0432\u043d\u0435\u043d\u0438\u044e \u0441 \u043e\u0431\u044b\u0447\u043d\u044b\u043c \u043f\u043e\u0438\u0441\u043a\u043e\u043c \u0440\u0430\u0431\u043e\u0442\u043d\u0438\u043a\u043e\u0432?<\/strong><\/p><ul><li>\u0422\u0430\u043a\u0438\u0435 \u0443\u0441\u043b\u0443\u0433\u0438 \u043f\u043e\u0437\u0432\u043e\u043b\u044f\u044e\u0442 \u043f\u0440\u0435\u0434\u043f\u0440\u0438\u044f\u0442\u0438\u044e \u0441\u0444\u043e\u043a\u0443\u0441\u0438\u0440\u043e\u0432\u0430\u0442\u044c\u0441\u044f \u043d\u0430 \u0440\u043e\u0441\u0442\u0435 \u0438 \u0440\u0430\u0441\u0448\u0438\u0440\u0435\u043d\u0438\u0438 \u043a\u043b\u0438\u0435\u043d\u0442\u0441\u043a\u043e\u0439 \u0431\u0430\u0437\u044b.<\/li><li>\u041f\u043e\u0437\u0432\u043e\u043b\u044f\u044e\u0442 \u043a\u0430\u043a \u0441\u044d\u043a\u043e\u043d\u043e\u043c\u0438\u0442\u044c \u0444\u0438\u043d\u0430\u043d\u0441\u043e\u0432\u044b\u0435 \u0437\u0430\u0442\u0440\u0430\u0442\u044b, \u0442\u0430\u043a \u0438 \u0441\u0431\u0435\u0440\u0435\u0447\u044c \u0432\u0440\u0435\u043c\u044f.<\/li><li>\u0421\u043d\u0438\u0436\u0430\u044e\u0442 \u0440\u0438\u0441\u043a\u0438, \u0441\u0432\u044f\u0437\u0430\u043d\u043d\u044b\u0435 \u0441 \u043f\u043e\u0438\u0441\u043a\u043e\u043c \u0440\u0430\u0431\u043e\u0447\u0435\u0439 \u0441\u0438\u043b\u044b.<\/li><li>\u041f\u043e\u0437\u0432\u043e\u043b\u044f\u044e\u0442 \u043e\u043f\u0442\u0438\u043c\u0438\u0437\u0438\u0440\u043e\u0432\u0430\u0442\u044c \u043a\u043e\u043b\u0438\u0447\u0435\u0441\u0442\u0432\u043e \u0440\u0430\u0431\u043e\u0442\u043d\u0438\u043a\u043e\u0432 \u0432 \u0441\u043e\u043e\u0442\u0432\u0435\u0442\u0441\u0442\u0432\u0438\u0438 \u0441 \u0438\u0437\u043c\u0435\u043d\u0435\u043d\u0438\u044f\u043c\u0438 \u043e\u0431\u044a\u0435\u043c\u0430 \u0440\u0430\u0431\u043e\u0442.<\/li><\/ul><p><strong>\u041a\u0430\u043a \u0432\u044b\u0433\u043b\u044f\u0434\u0438\u0442 \u043f\u0440\u043e\u0446\u0435\u0441\u0441 \u0430\u0440\u0435\u043d\u0434\u044b \u0440\u0430\u0431\u043e\u0447\u0435\u0439 \u0441\u0438\u043b\u044b?<\/strong><\/p><ol><li>\u041c\u044b \u0438\u0449\u0435\u043c \u043f\u043e\u0434\u0445\u043e\u0434\u044f\u0449\u0435\u0433\u043e \u0440\u0430\u0431\u043e\u0442\u043d\u0438\u043a\u0430, \u0442\u0435\u0441\u0442\u0438\u0440\u0443\u0435\u043c \u0435\u0433\u043e \u0437\u043d\u0430\u043d\u0438\u044f \u0438 \u043d\u0430\u0432\u044b\u043a\u0438.<\/li><li>\u0417\u0430\u0442\u0435\u043c \u043f\u0440\u0435\u0434\u0441\u0442\u0430\u0432\u043b\u044f\u0435\u043c \u0440\u0430\u0431\u043e\u0442\u043d\u0438\u043a\u0430 \u043f\u0440\u0435\u0434\u043f\u0440\u0438\u044f\u0442\u0438\u044e.<\/li><li>\u041c\u044b \u043e\u0431\u0435\u0441\u043f\u0435\u0447\u0438\u0432\u0430\u0435\u043c \u043f\u0440\u043e\u0446\u0435\u0441\u0441 \u0440\u0435\u043a\u0440\u0443\u0442\u0438\u043d\u0433\u0430 (\u0432 \u0441\u043b\u0443\u0447\u0430\u0435 \u0438\u043d\u043e\u0441\u0442\u0440\u0430\u043d\u043d\u043e\u0439 \u0440\u0430\u0431\u043e\u0447\u0435\u0439 \u0441\u0438\u043b\u044b \u043c\u044b \u0441\u0430\u043c\u0438 \u043e\u0444\u043e\u0440\u043c\u043b\u044f\u0435\u043c \u0432\u0441\u044e \u043d\u0435\u043e\u0431\u0445\u043e\u0434\u0438\u043c\u0443\u044e \u0434\u043e\u043a\u0443\u043c\u0435\u043d\u0442\u0430\u0446\u0438\u044e: \u0432\u0438\u0437\u0443, \u0440\u0430\u0437\u0440\u0435\u0448\u0435\u043d\u0438\u0435 \u043d\u0430 \u0440\u0430\u0431\u043e\u0442\u0443 \u0438 \u0437\u0430\u043a\u043e\u043d\u043d\u043e\u0435 \u043f\u0440\u0435\u0431\u044b\u0432\u0430\u043d\u0438\u0435 \u0432 \u0441\u0442\u0440\u0430\u043d\u0435).<\/li><li>\u041c\u044b \u043e\u0440\u0433\u0430\u043d\u0438\u0437\u0443\u0435\u043c \u043b\u043e\u0433\u0438\u0441\u0442\u0438\u043a\u0443 \u0438 \u0442\u0440\u0430\u043d\u0441\u043f\u043e\u0440\u0442 \u0432 \u043c\u0435\u0441\u0442\u043e \u043d\u0430\u0437\u043d\u0430\u0447\u0435\u043d\u0438\u044f, \u0430 \u043f\u0440\u0438 \u043d\u0435\u043e\u0431\u0445\u043e\u0434\u0438\u043c\u043e\u0441\u0442\u0438 \u0442\u0430\u043a\u0436\u0435 \u043c\u0435\u0441\u0442\u043e \u0434\u043b\u044f \u043f\u0440\u043e\u0436\u0438\u0432\u0430\u043d\u0438\u044f \u0440\u0430\u0431\u043e\u0442\u043d\u0438\u043a\u0430.<\/li><li>\u041c\u044b \u043e\u043f\u043b\u0430\u0447\u0438\u0432\u0430\u0435\u043c \u0435\u0433\u043e \u0440\u0430\u0431\u043e\u0442\u0443.<\/li><li>\u041e\u0431\u0435\u0441\u043f\u0435\u0447\u0438\u0432\u0430\u0435\u043c \u0441\u0442\u0440\u0430\u0445\u043e\u0432\u0430\u043d\u0438\u0435 \u043e\u0442\u0432\u0435\u0442\u0441\u0442\u0432\u0435\u043d\u043d\u043e\u0441\u0442\u0438 \u043f\u0440\u0435\u0434\u043f\u0440\u0438\u044f\u0442\u0438\u044f \u0438 \u043d\u0430\u0434\u0437\u043e\u0440 \u043d\u0430\u0434 \u043a\u0430\u0447\u0435\u0441\u0442\u0432\u043e\u043c \u0440\u0430\u0431\u043e\u0442\u044b.<\/li><\/ol><p>\u041c\u044b \u043f\u043e\u043d\u0438\u043c\u0430\u0435\u043c, \u0447\u0442\u043e, \u0432 \u043e\u0441\u043e\u0431\u0435\u043d\u043d\u043e\u0441\u0442\u0438 \u0432 \u0441\u043b\u0443\u0447\u0430\u0435 \u0430\u0440\u0435\u043d\u0434\u044b \u0440\u0430\u0431\u043e\u0447\u0435\u0439 \u0441\u0438\u043b\u044b \u0438 \u0442\u0440\u0443\u0434\u043e\u0432\u043e\u0433\u043e \u043f\u043e\u0441\u0440\u0435\u0434\u043d\u0438\u0447\u0435\u0441\u0442\u0432\u0430, \u043c\u043e\u0433\u0443\u0442 \u0432\u043e\u0437\u043d\u0438\u043a\u0430\u0442\u044c \u043d\u0435\u043a\u043e\u0442\u043e\u0440\u044b\u0435 \u0441\u0442\u0440\u0430\u0445\u0438, \u0441\u043e\u043c\u043d\u0435\u043d\u0438\u044f \u0438 \u0447\u0430\u0441\u0442\u043e \u043f\u043e\u0432\u0442\u043e\u0440\u044f\u044e\u0449\u0438\u0435\u0441\u044f \u0432\u043e\u043f\u0440\u043e\u0441\u044b.\u00a0<strong>\u0427\u0438\u0442\u0430\u0439\u0442\u0435 \u043f\u043e\u0434\u0440\u043e\u0431\u043d\u0435\u0435 <a href=\"https:\/\/hirehand.eu\/ru\/chavo\/\">\u0437\u0434\u0435\u0441\u044c<\/a>.<\/strong><\/p><\/div>\r\n<section class=\"fw-main-row  ls section_padding_top_50 section_padding_bottom_50 columns_padding_15 spets\" >\r\n\t<h3 class=\"hidden\">69f2676416d37<\/h3>\r\n\t\t\t<div class=\"container\">\r\n\t\t<div class=\"row\">\r\n\t\t\t<div class=\"col-xs-12 col-md-4 to_animate\"  data-animation=\"pullUp\">\r\n\t<div class=\"special-heading text-left\">\r\n\t<h5 class=\"section_header margin_0  \">\r\n\t<span class=\" medium text-uppercase\">\r\n\t\t\u0418\u0421\u0425\u041e\u0414\u041d\u0410\u042f \u0421\u0422\u0420\u0410\u041d\u0410\t<\/span>\r\n\t<\/h5>\r\n<\/div>\r\n\r\n\t<div class=\"fw-divider-space \" style=\"margin-top: 20px;\"><\/div>\r\n<div class=\"special-heading text-left\">\r\n\t<p class=\" paragraph\">\r\n\t<span class=\" regular text-transform-none\">\r\n\t\t\u041c\u044b \u044f\u0432\u043b\u044f\u0435\u043c\u0441\u044f \u043f\u043e\u0441\u0440\u0435\u0434\u043d\u0438\u043a\u0430\u043c\u0438 \u043f\u0440\u0438 \u043d\u0430\u0439\u043c\u0435 \u043d\u0430 \u0440\u0430\u0431\u043e\u0442\u0443 \u0438\u043d\u043e\u0441\u0442\u0440\u0430\u043d\u043d\u043e\u0439 \u0440\u0430\u0431\u043e\u0447\u0435\u0439 \u0441\u0438\u043b\u044b \u0441\u043e \u0432\u0441\u0435\u0439 \u0412\u043e\u0441\u0442\u043e\u0447\u043d\u043e\u0439 \u0415\u0432\u0440\u043e\u043f\u044b \u0438 \u0441 \u0423\u043a\u0440\u0430\u0438\u043d\u044b, \u0433\u0434\u0435 \u0432 \u0440\u0435\u0437\u0443\u043b\u044c\u0442\u0430\u0442\u0435 \u0434\u043b\u0438\u0442\u0435\u043b\u044c\u043d\u043e\u0433\u043e \u0441\u043e\u0442\u0440\u0443\u0434\u043d\u0438\u0447\u0435\u0441\u0442\u0432\u0430 \u043c\u044b \u0441\u043e\u0437\u0434\u0430\u043b\u0438 \u043d\u0430\u0434\u0435\u0436\u043d\u0443\u044e \u043f\u0430\u0440\u0442\u043d\u0435\u0440\u0441\u043a\u0443\u044e \u0441\u0435\u0442\u044c.\t<\/span>\r\n\t<\/p>\r\n<\/div>\r\n<\/div>\r\n<div class=\"col-xs-12 col-md-4 to_animate\"  data-animation=\"pullUp\">\r\n\t<div class=\"special-heading text-left\">\r\n\t<h5 class=\"section_header margin_0  \">\r\n\t<span class=\" medium text-uppercase\">\r\n\t\t\u041a\u0410\u0427\u0415\u0421\u0422\u0412\u041e \u0420\u0410\u0411\u041e\u0427\u0415\u0419 \u0421\u0418\u041b\u042b\t<\/span>\r\n\t<\/h5>\r\n<\/div>\r\n\r\n\t<div class=\"fw-divider-space \" style=\"margin-top: 20px;\"><\/div>\r\n<div class=\"special-heading text-left\">\r\n\t<p class=\" paragraph\">\r\n\t<span class=\" regular text-transform-none\">\r\n\t\t\u041c\u044b \u0433\u0430\u0440\u0430\u043d\u0442\u0438\u0440\u0443\u0435\u043c, \u0447\u0442\u043e \u043f\u0440\u0435\u0434\u043b\u0430\u0433\u0430\u0435\u043c\u0430\u044f \u043d\u0430\u043c\u0438 \u0440\u0430\u0431\u043e\u0447\u0430\u044f \u0441\u0438\u043b\u0430 \u043e\u0431\u043b\u0430\u0434\u0430\u0435\u0442 \u043d\u0435\u043e\u0431\u0445\u043e\u0434\u0438\u043c\u044b\u043c \u0443\u0440\u043e\u0432\u043d\u0435\u043c \u043e\u0431\u0440\u0430\u0437\u043e\u0432\u0430\u043d\u0438\u044f \u0438 \u043e\u043f\u044b\u0442\u043e\u043c \u0440\u0430\u0431\u043e\u0442\u044b. \u041f\u0435\u0440\u0435\u0434 \u0437\u043d\u0430\u043a\u043e\u043c\u0441\u0442\u0432\u043e\u043c \u0441 \u043f\u0440\u0435\u0434\u043f\u0440\u0438\u044f\u0442\u0438\u0435\u043c, \u043f\u0440\u0435\u0434\u043b\u0430\u0433\u0430\u044e\u0449\u0438\u043c \u0440\u0430\u0431\u043e\u0442\u0443, \u043c\u044b \u0442\u0449\u0430\u0442\u0435\u043b\u044c\u043d\u043e \u0442\u0435\u0441\u0442\u0438\u0440\u0443\u0435\u043c \u0437\u043d\u0430\u043d\u0438\u044f \u0438 \u043d\u0430\u0432\u044b\u043a\u0438 \u0441\u043e\u0438\u0441\u043a\u0430\u0442\u0435\u043b\u044f \u0440\u0430\u0431\u043e\u0442\u044b, \u0447\u0442\u043e\u0431\u044b \u0443\u0431\u0435\u0434\u0438\u0442\u044c\u0441\u044f \u0432 \u0435\u0433\u043e \u043f\u0440\u043e\u0444\u0435\u0441\u0441\u0438\u043e\u043d\u0430\u043b\u0438\u0437\u043c\u0435 \u0438 \u0433\u043e\u0442\u043e\u0432\u043d\u043e\u0441\u0442\u0438 \u0440\u0430\u0431\u043e\u0442\u0430\u0442\u044c \u0437\u0430 \u0433\u0440\u0430\u043d\u0438\u0446\u0435\u0439.\t<\/span>\r\n\t<\/p>\r\n<\/div>\r\n<\/div>\r\n<div class=\"col-xs-12 col-md-4 to_animate\"  data-animation=\"pullUp\">\r\n\t<div class=\"special-heading text-left\">\r\n\t<h5 class=\"section_header margin_0  \">\r\n\t<span class=\" medium text-uppercase\">\r\n\t\t\u0420\u0410\u0411\u041e\u0422\u041d\u0418\u041a \u0414\u0420\u0423\u0413\u041e\u0419 \u041d\u0410\u0426\u0418\u041e\u041d\u0410\u041b\u042c\u041d\u041e\u0421\u0422\u0418\t<\/span>\r\n\t<\/h5>\r\n<\/div>\r\n\r\n\t<div class=\"fw-divider-space \" style=\"margin-top: 20px;\"><\/div>\r\n<div class=\"special-heading text-left\">\r\n\t<p class=\" paragraph\">\r\n\t<span class=\" regular text-transform-none\">\r\n\t\t\u0410\u0440\u0435\u043d\u0434\u0430 \u0440\u0430\u0431\u043e\u0447\u0435\u0439 \u0441\u0438\u043b\u044b \u043e\u0437\u043d\u0430\u0447\u0430\u0435\u0442, \u0447\u0442\u043e \u043f\u0440\u0438 \u0440\u0430\u0431\u043e\u0442\u0435 \u043d\u0430 \u043f\u0440\u0435\u0434\u043f\u0440\u0438\u044f\u0442\u0438\u0438 \u0437\u0430\u0440\u0430\u0431\u043e\u0442\u043d\u0443\u044e \u043f\u043b\u0430\u0442\u0443 \u0440\u0430\u0431\u043e\u0442\u043d\u0438\u043a\u0443 \u043f\u043b\u0430\u0442\u0438\u0442 \u043a\u043e\u043c\u043f\u0430\u043d\u0438\u044f Hirehand, \u0442\u043e \u0435\u0441\u0442\u044c, \u043c\u044b \u0441\u0434\u0430\u0435\u043c \u0440\u0430\u0431\u043e\u0442\u043e\u0434\u0430\u0442\u0435\u043b\u044e \u0432 \u0430\u0440\u0435\u043d\u0434\u0443 \u0440\u0430\u0431\u043e\u0447\u0443\u044e \u0441\u0438\u043b\u0443. \u041f\u043e\u0436\u0430\u043b\u0443\u0439, \u0441\u0430\u043c\u044b\u0439 \u0431\u043e\u043b\u044c\u0448\u043e\u0439 \u0441\u0442\u0440\u0430\u0445, \u0441 \u043a\u043e\u0442\u043e\u0440\u044b\u043c \u043c\u044b \u0441\u0442\u0430\u043b\u043a\u0438\u0432\u0430\u043b\u0438\u0441\u044c, \u044d\u0442\u043e \u0441\u0442\u0440\u0430\u0445 \u043f\u0435\u0440\u0435\u0434 \u0440\u0430\u0431\u043e\u0442\u043d\u0438\u043a\u043e\u043c \u0434\u0440\u0443\u0433\u043e\u0439 \u043d\u0430\u0446\u0438\u043e\u043d\u0430\u043b\u044c\u043d\u043e\u0441\u0442\u0438. \u041c\u043e\u0436\u0435\u0442 \u043b\u0438 \u0447\u0438\u043d\u0438\u0442\u044c \u043f\u0440\u0435\u043f\u044f\u0442\u0441\u0442\u0432\u0438\u044f \u044f\u0437\u044b\u043a\u043e\u0432\u043e\u0439 \u0431\u0430\u0440\u044c\u0435\u0440? \u0421\u043e\u043e\u0442\u0432\u0435\u0442\u0441\u0442\u0432\u0443\u0435\u0442 \u043b\u0438 \u0435\u0433\u043e \u0442\u0440\u0443\u0434\u043e\u0432\u0430\u044f \u044d\u0442\u0438\u043a\u0430 \u043d\u0430\u0448\u0435\u0439? \u041c\u043e\u0433\u0443\u0442 \u043b\u0438 \u043a\u0443\u043b\u044c\u0442\u0443\u0440\u043d\u044b\u0435 \u0440\u0430\u0437\u043b\u0438\u0447\u0438\u044f \u0432\u044b\u0437\u044b\u0432\u0430\u0442\u044c \u043a\u043e\u043d\u0444\u043b\u0438\u043a\u0442\u044b?\t<\/span>\r\n\t<\/p>\r\n<\/div>\r\n<\/div>\r\n\t\t<\/div>\r\n\t<\/div>\r\n<\/section>\r\n<div class=\"text-block\">\r\n\t<p>\u0420\u0435\u0430\u043b\u044c\u043d\u043e\u0441\u0442\u044c \u043f\u043e\u043a\u0430\u0437\u0430\u043b\u0430, \u0447\u0442\u043e, \u043a\u0430\u043a \u043f\u0440\u0430\u0432\u0438\u043b\u043e, \u0432\u0441\u0435 \u044d\u0442\u0438 \u0441\u0442\u0440\u0430\u0445\u0438 \u0431\u0435\u0441\u043f\u043e\u0447\u0432\u0435\u043d\u043d\u044b. \u0412\u0441\u0435 \u043d\u0430\u0448\u0438 \u0430\u0440\u0435\u043d\u0434\u043e\u0432\u0430\u043d\u043d\u044b\u0435 \u0438\u043d\u043e\u0441\u0442\u0440\u0430\u043d\u043d\u044b\u0435 \u0440\u0430\u0431\u043e\u0442\u043d\u0438\u043a\u0438 \u0432\u043b\u0430\u0434\u0435\u044e\u0442 \u0440\u0443\u0441\u0441\u043a\u0438\u043c \u0438\/\u0438\u043b\u0438 \u0430\u043d\u0433\u043b\u0438\u0439\u0441\u043a\u0438\u043c \u044f\u0437\u044b\u043a\u043e\u043c, \u043c\u043e\u0442\u0438\u0432\u0438\u0440\u043e\u0432\u0430\u043d\u043d\u044b, \u043e\u0442\u043a\u0440\u044b\u0442\u044b \u0438 \u0434\u0440\u0443\u0436\u0435\u043b\u044e\u0431\u043d\u044b. \u0415\u0441\u043b\u0438 \u0438\u0445 \u0441\u043e\u043e\u0442\u0432\u0435\u0442\u0441\u0442\u0432\u0443\u044e\u0449\u0438\u043c \u043e\u0431\u0440\u0430\u0437\u043e\u043c \u043f\u0440\u0438\u043d\u0438\u043c\u0430\u044e\u0442 \u0438 \u043d\u0430 \u043f\u0440\u0435\u0434\u043f\u0440\u0438\u044f\u0442\u0438\u0438, \u0442\u043e \u0441\u043e\u0442\u0440\u0443\u0434\u043d\u0438\u0447\u0435\u0441\u0442\u0432\u043e \u0432\u0441\u0435\u0433\u0434\u0430 \u0441\u043a\u043b\u0430\u0434\u044b\u0432\u0430\u0435\u0442\u0441\u044f \u0445\u043e\u0440\u043e\u0448\u043e. \u0427\u0430\u0441\u0442\u043e \u0440\u0435\u0437\u0443\u043b\u044c\u0442\u0430\u0442\u044b \u0438\u0441\u043f\u043e\u043b\u044c\u0437\u043e\u0432\u0430\u043d\u0438\u044f \u0438\u043d\u043e\u0441\u0442\u0440\u0430\u043d\u043d\u043e\u0439 \u0440\u0430\u0431\u043e\u0447\u0435\u0439 \u0441\u0438\u043b\u044b \u043f\u0440\u0435\u0432\u044b\u0448\u0430\u044e\u0442 \u043e\u0436\u0438\u0434\u0430\u043d\u0438\u044f, \u043d\u0430\u043f\u0440\u0438\u043c\u0435\u0440, \u0443\u043b\u0443\u0447\u0448\u0430\u0435\u0442\u0441\u044f \u0438 \u0432\u043b\u0430\u0434\u0435\u043d\u0438\u0435 \u044f\u0437\u044b\u043a\u0430\u043c\u0438 \u0434\u0440\u0443\u0433\u0438\u0445 \u0447\u043b\u0435\u043d\u043e\u0432 \u043a\u043e\u043b\u043b\u0435\u043a\u0442\u0438\u0432\u0430. \u0412\u0441\u0435\u0433\u0434\u0430 \u0441\u0442\u043e\u0438\u0442 \u043f\u043e\u043c\u043d\u0438\u0442\u044c \u043e \u0442\u043e\u043c, \u0447\u0442\u043e \u0432 \u0441\u043b\u0443\u0447\u0430\u0435 \u043a\u0430\u043a\u0438\u0445 \u0431\u044b \u0442\u043e \u043d\u0438 \u0431\u044b\u043b\u043e \u043f\u0440\u043e\u0431\u043b\u0435\u043c \u043c\u044b \u043f\u0440\u0438 \u043f\u0435\u0440\u0432\u043e\u0439 \u0436\u0435 \u0432\u043e\u0437\u043c\u043e\u0436\u043d\u043e\u0441\u0442\u0438 \u0437\u0430\u043c\u0435\u043d\u0438\u043c \u0440\u0430\u0431\u043e\u0442\u043d\u0438\u043a\u0430<\/p><p>Tegelikkus on n\u00e4idanud, et enamasti on k\u00f5ik need hirmud asjatud. K\u00f5ik meie vahendatavad v\u00e4list\u00f6\u00f6tajad valdavad vene ja\/v\u00f5i inglise keelt ning on motiveeritud, avatud ning s\u00f5braliku suhtumisega. Kui neid ka ettev\u00f5ttesiseselt samal moel vastu v\u00f5etakse, laabub koost\u00f6\u00f6 alati kenasti. Sageli on v\u00e4list\u00f6\u00f6j\u00f5u kasutamise tulemused hoopis positiivsemad kui esialgu oodati, nt paraneb ka \u00fclej\u00e4\u00e4nud kollektiivi keeleoskus. Alati tasub meeles pidada, et isegi kui peaks tekkima mingeid probleeme, vahetame t\u00f6\u00f6taja esimesel v\u00f5imalusel v\u00e4lja<\/p><p>\u041f\u043e\u0434\u0440\u043e\u0431\u043d\u0435\u0435 \u043e \u043d\u0430\u0448\u0438\u0445 <strong>\u0443\u0441\u043b\u0443\u0433\u0430\u0445<\/strong> \u0438 <strong>\u0441\u0444\u0435\u0440\u0430\u0445 \u0434\u0435\u044f\u0442\u0435\u043b\u044c\u043d\u043e\u0441\u0442\u0438<\/strong> \u0447\u0438\u0442\u0430\u0439\u0442\u0435\u00a0<strong><a href=\"https:\/\/hirehand.eu\/ru\/uslugi\/\">\u0437\u0434\u0435\u0441\u044c<\/a><\/strong>\u00a0\u0438\u043b\u0438\u00a0<strong><a href=\"https:\/\/hirehand.eu\/ru\/kontakt\/\">\u0441\u0432\u044f\u0436\u0438\u0442\u0435\u0441\u044c \u0441 \u043d\u0430\u043c\u0438<\/a>.<\/strong><\/p><\/div>\r\n<\/p>\n","protected":false},"excerpt":{"rendered":"<p>\u0410\u0420\u0415\u041d\u0414\u0410 \u0420\u0410\u0411\u041e\u0427\u0415\u0419 \u0421\u0418\u041b\u042b \u041e\u0417\u041d\u0410\u0427\u0410\u0415\u0422 \u041f\u0415\u0420\u0415\u0414\u0410\u0427\u0423 \u041f\u0420\u041e\u0426\u0415\u0421\u0421\u0410 \u0423\u041f\u0420\u0410\u0412\u041b\u0415\u041d\u0418\u042f \u041f\u0415\u0420\u0421\u041e\u041d\u0410\u041b\u041e\u041c, \u0422\u0420\u0415\u0411\u0423\u042e\u0429\u0415\u0413\u041e \u0417\u041d\u0410\u0427\u0418\u0422\u0415\u041b\u042c\u041d\u042b\u0425 \u0412\u0420\u0415\u041c\u0415\u041d\u041d\u042b\u0425 \u0417\u0410\u0422\u0420\u0410\u0422, \u0412 \u0420\u0423\u041a\u0418 \u041f\u0420\u0415\u0414\u041f\u0420\u0418\u042f\u0422\u0418\u042f, \u041e\u041a\u0410\u0417\u042b\u0412\u0410\u042e\u0429\u0415\u0419 \u0423\u0421\u041b\u0423\u0413\u0418 \u0422\u0420\u0423\u0414\u041e\u0412\u041e\u0413\u041e \u041f\u041e\u0421\u0420\u0415\u0414\u041d\u0418\u0427\u0415\u0421\u0422\u0412\u0410.\u041a\u0430\u043a\u043e\u0432\u044b \u043f\u0440\u0435\u0438\u043c\u0443\u0449\u0435\u0441\u0442\u0432\u0430<\/p>\n","protected":false},"author":7,"featured_media":0,"parent":0,"menu_order":0,"comment_status":"closed","ping_status":"closed","template":"","meta":{"_wp_rev_ctl_limit":""},"_links":{"self":[{"href":"https:\/\/hirehand.eu\/ru\/wp-json\/wp\/v2\/pages\/4803"}],"collection":[{"href":"https:\/\/hirehand.eu\/ru\/wp-json\/wp\/v2\/pages"}],"about":[{"href":"https:\/\/hirehand.eu\/ru\/wp-json\/wp\/v2\/types\/page"}],"author":[{"embeddable":true,"href":"https:\/\/hirehand.eu\/ru\/wp-json\/wp\/v2\/users\/7"}],"replies":[{"embeddable":true,"href":"https:\/\/hirehand.eu\/ru\/wp-json\/wp\/v2\/comments?post=4803"}],"version-history":[{"count":3,"href":"https:\/\/hirehand.eu\/ru\/wp-json\/wp\/v2\/pages\/4803\/revisions"}],"predecessor-version":[{"id":5015,"href":"https:\/\/hirehand.eu\/ru\/wp-json\/wp\/v2\/pages\/4803\/revisions\/5015"}],"wp:attachment":[{"href":"https:\/\/hirehand.eu\/ru\/wp-json\/wp\/v2\/media?parent=4803"}],"curies":[{"name":"wp","href":"https:\/\/api.w.org\/{rel}","templated":true}]}}